{"id":194,"date":"2020-05-21T12:40:00","date_gmt":"2020-05-21T12:40:00","guid":{"rendered":"https:\/\/sklep.metal-trade.pl\/?product=import-placeholder-for-3017"},"modified":"2022-11-28T06:36:43","modified_gmt":"2022-11-28T06:36:43","slug":"ut-hex-9-11-25-oprawka-do-otworow-o-przekroju-szesciokatnym","status":"publish","type":"product","link":"https:\/\/sklep.metal-trade.pl\/?product=ut-hex-9-11-25-oprawka-do-otworow-o-przekroju-szesciokatnym","title":{"rendered":"UT-HEX-9\/11-25 Oprawka do otwor\u00f3w o przekroju sze\u015bciok\u0105tnym"},"content":{"rendered":"","protected":false},"excerpt":{"rendered":"<p>Podane ceny s\u0105 cenami brutto.<br \/>\nZam\u00f3wienie minimalne 1 szt.<\/p>\n<p>Kraj produkcji: W\u0142ochy<br \/>\nMagazyn centralny: W\u0142ochy<\/p>\n<p>Przybli\u017cony termin realizacji: 3-5 dni roboczych od momentu wype\u0142nienia warunk\u00f3w p\u0142atno\u015bci<\/p>\n","protected":false},"featured_media":223,"comment_status":"open","ping_status":"closed","template":"","meta":[],"product_brand":[],"product_cat":[17,16,33],"product_tag":[20,23,34],"class_list":{"0":"post-194","1":"product","2":"type-product","3":"status-publish","4":"has-post-thumbnail","6":"product_cat-narzedzia","7":"product_cat-narzedzia-do-dlutowania","8":"product_cat-oprawki-do-zarysow-szesciokatnych","9":"product_tag-noze-do-dlutowania","10":"product_tag-oprawki","11":"product_tag-przekroje-szesciokatne","13":"first","14":"instock","15":"taxable","16":"shipping-taxable","17":"purchasable","18":"product-type-simple"},"yoast_head":"<!-- This site is optimized with the Yoast SEO plugin v25.1 - https:\/\/yoast.com\/wordpress\/plugins\/seo\/ -->\n<title>UT-HEX-9\/11-25 Oprawka do otwor\u00f3w o przekroju sze\u015bciok\u0105tnym - Hurtownia narz\u0119dzi<\/title>\n<meta name=\"robots\" content=\"index, follow, max-snippet:-1, max-image-preview:large, max-video-preview:-1\" \/>\n<link rel=\"canonical\" href=\"https:\/\/sklep.metal-trade.pl\/?product=ut-hex-9-11-25-oprawka-do-otworow-o-przekroju-szesciokatnym\" \/>\n<meta property=\"og:locale\" content=\"pl_PL\" \/>\n<meta property=\"og:type\" content=\"article\" \/>\n<meta property=\"og:title\" content=\"UT-HEX-9\/11-25 Oprawka do otwor\u00f3w o przekroju sze\u015bciok\u0105tnym - Hurtownia narz\u0119dzi\" \/>\n<meta property=\"og:description\" content=\"Podane ceny s\u0105 cenami brutto. Zam\u00f3wienie minimalne 1 szt.  Kraj produkcji: W\u0142ochy Magazyn centralny: W\u0142ochy  Przybli\u017cony termin realizacji: 3-5 dni roboczych od momentu wype\u0142nienia warunk\u00f3w p\u0142atno\u015bci\" \/>\n<meta property=\"og:url\" content=\"https:\/\/sklep.metal-trade.pl\/?product=ut-hex-9-11-25-oprawka-do-otworow-o-przekroju-szesciokatnym\" \/>\n<meta property=\"og:site_name\" content=\"Hurtownia narz\u0119dzi\" \/>\n<meta property=\"article:modified_time\" content=\"2022-11-28T06:36:43+00:00\" \/>\n<meta property=\"og:image\" content=\"https:\/\/sklep.metal-trade.pl\/wp-content\/uploads\/2020\/05\/hexagon-logo.png\" \/>\n\t<meta property=\"og:image:width\" content=\"333\" \/>\n\t<meta property=\"og:image:height\" content=\"342\" \/>\n\t<meta property=\"og:image:type\" content=\"image\/png\" \/>\n<meta name=\"twitter:card\" content=\"summary_large_image\" \/>\n<script type=\"application\/ld+json\" class=\"yoast-schema-graph\">{\"@context\":\"https:\/\/schema.org\",\"@graph\":[{\"@type\":\"WebPage\",\"@id\":\"https:\/\/sklep.metal-trade.pl\/?product=ut-hex-9-11-25-oprawka-do-otworow-o-przekroju-szesciokatnym\",\"url\":\"https:\/\/sklep.metal-trade.pl\/?product=ut-hex-9-11-25-oprawka-do-otworow-o-przekroju-szesciokatnym\",\"name\":\"UT-HEX-9\/11-25 Oprawka do otwor\u00f3w o przekroju sze\u015bciok\u0105tnym - Hurtownia narz\u0119dzi\",\"isPartOf\":{\"@id\":\"https:\/\/sklep.metal-trade.pl\/#website\"},\"primaryImageOfPage\":{\"@id\":\"https:\/\/sklep.metal-trade.pl\/?product=ut-hex-9-11-25-oprawka-do-otworow-o-przekroju-szesciokatnym#primaryimage\"},\"image\":{\"@id\":\"https:\/\/sklep.metal-trade.pl\/?product=ut-hex-9-11-25-oprawka-do-otworow-o-przekroju-szesciokatnym#primaryimage\"},\"thumbnailUrl\":\"https:\/\/sklep.metal-trade.pl\/wp-content\/uploads\/2020\/05\/hexagon-logo.png\",\"datePublished\":\"2020-05-21T12:40:00+00:00\",\"dateModified\":\"2022-11-28T06:36:43+00:00\",\"breadcrumb\":{\"@id\":\"https:\/\/sklep.metal-trade.pl\/?product=ut-hex-9-11-25-oprawka-do-otworow-o-przekroju-szesciokatnym#breadcrumb\"},\"inLanguage\":\"pl-PL\",\"potentialAction\":[{\"@type\":\"ReadAction\",\"target\":[\"https:\/\/sklep.metal-trade.pl\/?product=ut-hex-9-11-25-oprawka-do-otworow-o-przekroju-szesciokatnym\"]}]},{\"@type\":\"ImageObject\",\"inLanguage\":\"pl-PL\",\"@id\":\"https:\/\/sklep.metal-trade.pl\/?product=ut-hex-9-11-25-oprawka-do-otworow-o-przekroju-szesciokatnym#primaryimage\",\"url\":\"https:\/\/sklep.metal-trade.pl\/wp-content\/uploads\/2020\/05\/hexagon-logo.png\",\"contentUrl\":\"https:\/\/sklep.metal-trade.pl\/wp-content\/uploads\/2020\/05\/hexagon-logo.png\",\"width\":333,\"height\":342},{\"@type\":\"BreadcrumbList\",\"@id\":\"https:\/\/sklep.metal-trade.pl\/?product=ut-hex-9-11-25-oprawka-do-otworow-o-przekroju-szesciokatnym#breadcrumb\",\"itemListElement\":[{\"@type\":\"ListItem\",\"position\":1,\"name\":\"Strona g\u0142\u00f3wna\",\"item\":\"https:\/\/sklep.metal-trade.pl\/\"},{\"@type\":\"ListItem\",\"position\":2,\"name\":\"Sklep\",\"item\":\"https:\/\/sklep.metal-trade.pl\/?page_id=30\"},{\"@type\":\"ListItem\",\"position\":3,\"name\":\"UT-HEX-9\/11-25 Oprawka do otwor\u00f3w o przekroju sze\u015bciok\u0105tnym\"}]},{\"@type\":\"WebSite\",\"@id\":\"https:\/\/sklep.metal-trade.pl\/#website\",\"url\":\"https:\/\/sklep.metal-trade.pl\/\",\"name\":\"Hurtownia narz\u0119dzi\",\"description\":\"do obr\u00f3bki skrawaniem\",\"publisher\":{\"@id\":\"https:\/\/sklep.metal-trade.pl\/#organization\"},\"potentialAction\":[{\"@type\":\"SearchAction\",\"target\":{\"@type\":\"EntryPoint\",\"urlTemplate\":\"https:\/\/sklep.metal-trade.pl\/?s={search_term_string}\"},\"query-input\":{\"@type\":\"PropertyValueSpecification\",\"valueRequired\":true,\"valueName\":\"search_term_string\"}}],\"inLanguage\":\"pl-PL\"},{\"@type\":\"Organization\",\"@id\":\"https:\/\/sklep.metal-trade.pl\/#organization\",\"name\":\"Hurtownia narz\u0119dzi\",\"url\":\"https:\/\/sklep.metal-trade.pl\/\",\"logo\":{\"@type\":\"ImageObject\",\"inLanguage\":\"pl-PL\",\"@id\":\"https:\/\/sklep.metal-trade.pl\/#\/schema\/logo\/image\/\",\"url\":\"https:\/\/sklep.metal-trade.pl\/wp-content\/uploads\/2020\/05\/cropped-cropped-logoSmall-1.png\",\"contentUrl\":\"https:\/\/sklep.metal-trade.pl\/wp-content\/uploads\/2020\/05\/cropped-cropped-logoSmall-1.png\",\"width\":290,\"height\":116,\"caption\":\"Hurtownia narz\u0119dzi\"},\"image\":{\"@id\":\"https:\/\/sklep.metal-trade.pl\/#\/schema\/logo\/image\/\"}}]}<\/script>\n<!-- \/ Yoast SEO plugin. -->","yoast_head_json":{"title":"UT-HEX-9\/11-25 Oprawka do otwor\u00f3w o przekroju sze\u015bciok\u0105tnym - Hurtownia narz\u0119dzi","robots":{"index":"index","follow":"follow","max-snippet":"max-snippet:-1","max-image-preview":"max-image-preview:large","max-video-preview":"max-video-preview:-1"},"canonical":"https:\/\/sklep.metal-trade.pl\/?product=ut-hex-9-11-25-oprawka-do-otworow-o-przekroju-szesciokatnym","og_locale":"pl_PL","og_type":"article","og_title":"UT-HEX-9\/11-25 Oprawka do otwor\u00f3w o przekroju sze\u015bciok\u0105tnym - Hurtownia narz\u0119dzi","og_description":"Podane ceny s\u0105 cenami brutto. Zam\u00f3wienie minimalne 1 szt.  Kraj produkcji: W\u0142ochy Magazyn centralny: W\u0142ochy  Przybli\u017cony termin realizacji: 3-5 dni roboczych od momentu wype\u0142nienia warunk\u00f3w p\u0142atno\u015bci","og_url":"https:\/\/sklep.metal-trade.pl\/?product=ut-hex-9-11-25-oprawka-do-otworow-o-przekroju-szesciokatnym","og_site_name":"Hurtownia narz\u0119dzi","article_modified_time":"2022-11-28T06:36:43+00:00","og_image":[{"width":333,"height":342,"url":"https:\/\/sklep.metal-trade.pl\/wp-content\/uploads\/2020\/05\/hexagon-logo.png","type":"image\/png"}],"twitter_card":"summary_large_image","schema":{"@context":"https:\/\/schema.org","@graph":[{"@type":"WebPage","@id":"https:\/\/sklep.metal-trade.pl\/?product=ut-hex-9-11-25-oprawka-do-otworow-o-przekroju-szesciokatnym","url":"https:\/\/sklep.metal-trade.pl\/?product=ut-hex-9-11-25-oprawka-do-otworow-o-przekroju-szesciokatnym","name":"UT-HEX-9\/11-25 Oprawka do otwor\u00f3w o przekroju sze\u015bciok\u0105tnym - Hurtownia narz\u0119dzi","isPartOf":{"@id":"https:\/\/sklep.metal-trade.pl\/#website"},"primaryImageOfPage":{"@id":"https:\/\/sklep.metal-trade.pl\/?product=ut-hex-9-11-25-oprawka-do-otworow-o-przekroju-szesciokatnym#primaryimage"},"image":{"@id":"https:\/\/sklep.metal-trade.pl\/?product=ut-hex-9-11-25-oprawka-do-otworow-o-przekroju-szesciokatnym#primaryimage"},"thumbnailUrl":"https:\/\/sklep.metal-trade.pl\/wp-content\/uploads\/2020\/05\/hexagon-logo.png","datePublished":"2020-05-21T12:40:00+00:00","dateModified":"2022-11-28T06:36:43+00:00","breadcrumb":{"@id":"https:\/\/sklep.metal-trade.pl\/?product=ut-hex-9-11-25-oprawka-do-otworow-o-przekroju-szesciokatnym#breadcrumb"},"inLanguage":"pl-PL","potentialAction":[{"@type":"ReadAction","target":["https:\/\/sklep.metal-trade.pl\/?product=ut-hex-9-11-25-oprawka-do-otworow-o-przekroju-szesciokatnym"]}]},{"@type":"ImageObject","inLanguage":"pl-PL","@id":"https:\/\/sklep.metal-trade.pl\/?product=ut-hex-9-11-25-oprawka-do-otworow-o-przekroju-szesciokatnym#primaryimage","url":"https:\/\/sklep.metal-trade.pl\/wp-content\/uploads\/2020\/05\/hexagon-logo.png","contentUrl":"https:\/\/sklep.metal-trade.pl\/wp-content\/uploads\/2020\/05\/hexagon-logo.png","width":333,"height":342},{"@type":"BreadcrumbList","@id":"https:\/\/sklep.metal-trade.pl\/?product=ut-hex-9-11-25-oprawka-do-otworow-o-przekroju-szesciokatnym#breadcrumb","itemListElement":[{"@type":"ListItem","position":1,"name":"Strona g\u0142\u00f3wna","item":"https:\/\/sklep.metal-trade.pl\/"},{"@type":"ListItem","position":2,"name":"Sklep","item":"https:\/\/sklep.metal-trade.pl\/?page_id=30"},{"@type":"ListItem","position":3,"name":"UT-HEX-9\/11-25 Oprawka do otwor\u00f3w o przekroju sze\u015bciok\u0105tnym"}]},{"@type":"WebSite","@id":"https:\/\/sklep.metal-trade.pl\/#website","url":"https:\/\/sklep.metal-trade.pl\/","name":"Hurtownia narz\u0119dzi","description":"do obr\u00f3bki skrawaniem","publisher":{"@id":"https:\/\/sklep.metal-trade.pl\/#organization"},"potentialAction":[{"@type":"SearchAction","target":{"@type":"EntryPoint","urlTemplate":"https:\/\/sklep.metal-trade.pl\/?s={search_term_string}"},"query-input":{"@type":"PropertyValueSpecification","valueRequired":true,"valueName":"search_term_string"}}],"inLanguage":"pl-PL"},{"@type":"Organization","@id":"https:\/\/sklep.metal-trade.pl\/#organization","name":"Hurtownia narz\u0119dzi","url":"https:\/\/sklep.metal-trade.pl\/","logo":{"@type":"ImageObject","inLanguage":"pl-PL","@id":"https:\/\/sklep.metal-trade.pl\/#\/schema\/logo\/image\/","url":"https:\/\/sklep.metal-trade.pl\/wp-content\/uploads\/2020\/05\/cropped-cropped-logoSmall-1.png","contentUrl":"https:\/\/sklep.metal-trade.pl\/wp-content\/uploads\/2020\/05\/cropped-cropped-logoSmall-1.png","width":290,"height":116,"caption":"Hurtownia narz\u0119dzi"},"image":{"@id":"https:\/\/sklep.metal-trade.pl\/#\/schema\/logo\/image\/"}}]}},"jetpack_sharing_enabled":true,"_links":{"self":[{"href":"https:\/\/sklep.metal-trade.pl\/index.php?rest_route=\/wp\/v2\/product\/194","targetHints":{"allow":["GET"]}}],"collection":[{"href":"https:\/\/sklep.metal-trade.pl\/index.php?rest_route=\/wp\/v2\/product"}],"about":[{"href":"https:\/\/sklep.metal-trade.pl\/index.php?rest_route=\/wp\/v2\/types\/product"}],"replies":[{"embeddable":true,"href":"https:\/\/sklep.metal-trade.pl\/index.php?rest_route=%2Fwp%2Fv2%2Fcomments&post=194"}],"wp:featuredmedia":[{"embeddable":true,"href":"https:\/\/sklep.metal-trade.pl\/index.php?rest_route=\/wp\/v2\/media\/223"}],"wp:attachment":[{"href":"https:\/\/sklep.metal-trade.pl\/index.php?rest_route=%2Fwp%2Fv2%2Fmedia&parent=194"}],"wp:term":[{"taxonomy":"product_brand","embeddable":true,"href":"https:\/\/sklep.metal-trade.pl\/index.php?rest_route=%2Fwp%2Fv2%2Fproduct_brand&post=194"},{"taxonomy":"product_cat","embeddable":true,"href":"https:\/\/sklep.metal-trade.pl\/index.php?rest_route=%2Fwp%2Fv2%2Fproduct_cat&post=194"},{"taxonomy":"product_tag","embeddable":true,"href":"https:\/\/sklep.metal-trade.pl\/index.php?rest_route=%2Fwp%2Fv2%2Fproduct_tag&post=194"}],"curies":[{"name":"wp","href":"https:\/\/api.w.org\/{rel}","templated":true}]}}