{"id":308,"date":"2020-05-21T14:00:19","date_gmt":"2020-05-21T14:00:19","guid":{"rendered":"https:\/\/sklep.metal-trade.pl\/?page_id=308"},"modified":"2024-03-11T11:02:38","modified_gmt":"2024-03-11T11:02:38","slug":"kontakt-2","status":"publish","type":"page","link":"https:\/\/sklep.metal-trade.pl\/?page_id=308","title":{"rendered":"Kontakt"},"content":{"rendered":"<div class=\"wp-block-siteorigin-panels-layout-block\"><div id=\"pl-308\"  class=\"panel-layout\" ><div id=\"pg-308-0\"  class=\"panel-grid panel-no-style\" ><div id=\"pgc-308-0-0\"  class=\"panel-grid-cell\" ><div id=\"panel-308-0-0-0\" class=\"so-panel widget widget_sow-editor panel-first-child panel-last-child\" data-index=\"0\" ><div class=\"so-widget-sow-editor so-widget-sow-editor-base\">\n<div class=\"siteorigin-widget-tinymce textwidget\">\n\t<h3><\/h3>\n<p>METAL-TRADE.PL M.ADAMOWICZ, S. KACZMAREK, A. G\u0141ADKI SP\u00d3\u0141KA JAWNA<\/p>\n<p>ul. Jantarowa 24,<\/p>\n<p>80-180 Jankowo Gda\u0144skie<\/p>\n<p>&nbsp;<\/p>\n<p>NIP: 6040212964<br \/>\nREGON: 383440185<\/p>\n<p>&nbsp;<\/p>\n<h3>Doradca techniczny:<\/h3>\n<h3>+ 48 696 765 540<\/h3>\n<p>&nbsp;<\/p>\n<h3>Biuro:<\/h3>\n<h3>+ 48 696 765 530<\/h3>\n<p>&nbsp;<\/p>\n<p>biuro@metal-trade.pl<\/p>\n<\/div>\n<\/div><\/div><\/div><div id=\"pgc-308-0-1\"  class=\"panel-grid-cell\" ><div id=\"panel-308-0-1-0\" class=\"so-panel widget widget_sow-editor panel-first-child\" data-index=\"1\" ><div class=\"so-widget-sow-editor so-widget-sow-editor-base\"><h3 class=\"widget-title\">Skorzystaj z formularza<\/h3>\n<div class=\"siteorigin-widget-tinymce textwidget\">\n\t<\/div>\n<\/div><\/div><div id=\"panel-308-0-1-1\" class=\"widget_text so-panel widget widget_custom_html panel-last-child\" data-index=\"2\" ><div class=\"textwidget custom-html-widget\">\n<div class=\"wpcf7 no-js\" id=\"wpcf7-f367-o1\" lang=\"pl-PL\" dir=\"ltr\" data-wpcf7-id=\"367\">\n<div class=\"screen-reader-response\"><p role=\"status\" aria-live=\"polite\" aria-atomic=\"true\"><\/p> <ul><\/ul><\/div>\n<form action=\"\/index.php?rest_route=%2Fwp%2Fv2%2Fpages%2F308#wpcf7-f367-o1\" method=\"post\" class=\"wpcf7-form init\" aria-label=\"Formularz kontaktowy\" novalidate=\"novalidate\" data-status=\"init\">\n<div style=\"display: none;\">\n<input type=\"hidden\" name=\"_wpcf7\" value=\"367\" \/>\n<input type=\"hidden\" name=\"_wpcf7_version\" value=\"6.0.6\" \/>\n<input type=\"hidden\" name=\"_wpcf7_locale\" value=\"pl_PL\" \/>\n<input type=\"hidden\" name=\"_wpcf7_unit_tag\" value=\"wpcf7-f367-o1\" \/>\n<input type=\"hidden\" name=\"_wpcf7_container_post\" value=\"0\" \/>\n<input type=\"hidden\" name=\"_wpcf7_posted_data_hash\" value=\"\" \/>\n<\/div>\n<div class=\"row\">\n\t<div class=\"col-lg-6 col-sm-12\" >\n\t\t<p><span class=\"wpcf7-form-control-wrap\" data-name=\"your-name\"><input size=\"40\" maxlength=\"400\" class=\"wpcf7-form-control wpcf7-text wpcf7-validates-as-required\" aria-required=\"true\" aria-invalid=\"false\" placeholder=\"Imi\u0119 i nazwisko (wymagane)\" value=\"\" type=\"text\" name=\"your-name\" \/><\/span>\n\t\t<\/p>\n\t\t<p><span class=\"wpcf7-form-control-wrap\" data-name=\"nazwa-firmy\"><input size=\"40\" maxlength=\"400\" class=\"wpcf7-form-control wpcf7-text\" aria-invalid=\"false\" placeholder=\"Nazwa firmy\" value=\"\" type=\"text\" name=\"nazwa-firmy\" \/><\/span>\n\t\t<\/p>\n\t\t<p><span class=\"wpcf7-form-control-wrap\" data-name=\"telefon\"><input size=\"40\" maxlength=\"400\" class=\"wpcf7-form-control wpcf7-text\" aria-invalid=\"false\" placeholder=\"Telefon (wymagane)\" value=\"\" type=\"text\" name=\"telefon\" \/><\/span>\n\t\t<\/p>\n\t\t<p><span class=\"wpcf7-form-control-wrap\" data-name=\"your-email\"><input size=\"40\" maxlength=\"400\" class=\"wpcf7-form-control wpcf7-email wpcf7-validates-as-required wpcf7-text wpcf7-validates-as-email\" aria-required=\"true\" aria-invalid=\"false\" placeholder=\"Adres email (wymagane)\" value=\"\" type=\"email\" name=\"your-email\" \/><\/span>\n\t\t<\/p>\n\t<\/div>\n\t<div class=\"col-lg-6 col-sm-12\" >\n\t\t<p><span class=\"wpcf7-form-control-wrap\" data-name=\"your-subject\"><input size=\"40\" maxlength=\"400\" class=\"wpcf7-form-control wpcf7-text\" aria-invalid=\"false\" placeholder=\"Temat\" value=\"\" type=\"text\" name=\"your-subject\" \/><\/span>\n\t\t<\/p>\n\t\t<p><span class=\"wpcf7-form-control-wrap\" data-name=\"your-message\"><textarea cols=\"40\" rows=\"10\" maxlength=\"2000\" class=\"wpcf7-form-control wpcf7-textarea\" aria-invalid=\"false\" placeholder=\"Prosimy o podanie szczeg\u00f3\u0142\u00f3w czego dotyczy zapytanie np typ lub model maszyny\" name=\"your-message\"><\/textarea><\/span>\n\t\t<\/p>\n\t<\/div>\n\t<p><span class=\"wpcf7-form-control-wrap\" data-name=\"checkbox-721\"><span class=\"wpcf7-form-control wpcf7-checkbox wpcf7-validates-as-required\"><span class=\"wpcf7-list-item first last\"><input type=\"checkbox\" name=\"checkbox-721[]\" value=\"Wyra\u017cam dobrowoln\u0105 zgod\u0119\" \/><span class=\"wpcf7-list-item-label\">Wyra\u017cam dobrowoln\u0105 zgod\u0119<\/span><\/span><\/span><\/span><br \/>\nKorzystaj\u0105c z formularza, podajesz dobrowolnie swoje dane osobowe, zgadzasz si\u0119 na przechowywanie i przetwarzanie Twoich danych przez Metal-Trade.pl co jest niezb\u0119dne do udzielenia odpowiedzi na Twoje zapytanie. W ka\u017cdym czasie masz prawo do cofni\u0119cia zgody na przetwarzanie Twoich danych.\n\t<\/p>\n\t<p><input class=\"wpcf7-form-control wpcf7-submit has-spinner\" type=\"submit\" value=\"Wy\u015blij\" \/>\n\t<\/p>\n<\/div><p style=\"display: none !important;\" class=\"akismet-fields-container\" data-prefix=\"_wpcf7_ak_\"><label>&#916;<textarea name=\"_wpcf7_ak_hp_textarea\" cols=\"45\" rows=\"8\" maxlength=\"100\"><\/textarea><\/label><input type=\"hidden\" id=\"ak_js_1\" name=\"_wpcf7_ak_js\" value=\"163\"\/><script>document.getElementById( \"ak_js_1\" ).setAttribute( \"value\", ( new Date() ).getTime() );<\/script><\/p><div class=\"wpcf7-response-output\" aria-hidden=\"true\"><\/div>\n<\/form>\n<\/div>\n<\/div><\/div><\/div><\/div><\/div><\/div><p><\/p>","protected":false},"excerpt":{"rendered":"","protected":false},"author":1,"featured_media":0,"parent":0,"menu_order":0,"comment_status":"closed","ping_status":"closed","template":"","meta":{"footnotes":""},"class_list":["post-308","page","type-page","status-publish","hentry"],"yoast_head":"<!-- This site is optimized with the Yoast SEO plugin v25.1 - https:\/\/yoast.com\/wordpress\/plugins\/seo\/ -->\n<title>Kontakt - Hurtownia narz\u0119dzi<\/title>\n<meta name=\"robots\" content=\"index, follow, max-snippet:-1, max-image-preview:large, max-video-preview:-1\" \/>\n<link rel=\"canonical\" href=\"https:\/\/sklep.metal-trade.pl\/?page_id=308\" \/>\n<meta property=\"og:locale\" content=\"pl_PL\" \/>\n<meta property=\"og:type\" content=\"article\" \/>\n<meta property=\"og:title\" content=\"Kontakt - Hurtownia narz\u0119dzi\" \/>\n<meta property=\"og:url\" content=\"https:\/\/sklep.metal-trade.pl\/?page_id=308\" \/>\n<meta property=\"og:site_name\" content=\"Hurtownia narz\u0119dzi\" \/>\n<meta property=\"article:modified_time\" content=\"2024-03-11T11:02:38+00:00\" \/>\n<meta name=\"twitter:card\" content=\"summary_large_image\" \/>\n<script type=\"application\/ld+json\" class=\"yoast-schema-graph\">{\"@context\":\"https:\/\/schema.org\",\"@graph\":[{\"@type\":\"WebPage\",\"@id\":\"https:\/\/sklep.metal-trade.pl\/?page_id=308\",\"url\":\"https:\/\/sklep.metal-trade.pl\/?page_id=308\",\"name\":\"Kontakt - Hurtownia narz\u0119dzi\",\"isPartOf\":{\"@id\":\"https:\/\/sklep.metal-trade.pl\/#website\"},\"datePublished\":\"2020-05-21T14:00:19+00:00\",\"dateModified\":\"2024-03-11T11:02:38+00:00\",\"breadcrumb\":{\"@id\":\"https:\/\/sklep.metal-trade.pl\/?page_id=308#breadcrumb\"},\"inLanguage\":\"pl-PL\",\"potentialAction\":[{\"@type\":\"ReadAction\",\"target\":[\"https:\/\/sklep.metal-trade.pl\/?page_id=308\"]}]},{\"@type\":\"BreadcrumbList\",\"@id\":\"https:\/\/sklep.metal-trade.pl\/?page_id=308#breadcrumb\",\"itemListElement\":[{\"@type\":\"ListItem\",\"position\":1,\"name\":\"Strona g\u0142\u00f3wna\",\"item\":\"https:\/\/sklep.metal-trade.pl\/\"},{\"@type\":\"ListItem\",\"position\":2,\"name\":\"Kontakt\"}]},{\"@type\":\"WebSite\",\"@id\":\"https:\/\/sklep.metal-trade.pl\/#website\",\"url\":\"https:\/\/sklep.metal-trade.pl\/\",\"name\":\"Hurtownia narz\u0119dzi\",\"description\":\"do obr\u00f3bki skrawaniem\",\"publisher\":{\"@id\":\"https:\/\/sklep.metal-trade.pl\/#organization\"},\"potentialAction\":[{\"@type\":\"SearchAction\",\"target\":{\"@type\":\"EntryPoint\",\"urlTemplate\":\"https:\/\/sklep.metal-trade.pl\/?s={search_term_string}\"},\"query-input\":{\"@type\":\"PropertyValueSpecification\",\"valueRequired\":true,\"valueName\":\"search_term_string\"}}],\"inLanguage\":\"pl-PL\"},{\"@type\":\"Organization\",\"@id\":\"https:\/\/sklep.metal-trade.pl\/#organization\",\"name\":\"Hurtownia narz\u0119dzi\",\"url\":\"https:\/\/sklep.metal-trade.pl\/\",\"logo\":{\"@type\":\"ImageObject\",\"inLanguage\":\"pl-PL\",\"@id\":\"https:\/\/sklep.metal-trade.pl\/#\/schema\/logo\/image\/\",\"url\":\"https:\/\/sklep.metal-trade.pl\/wp-content\/uploads\/2020\/05\/cropped-cropped-logoSmall-1.png\",\"contentUrl\":\"https:\/\/sklep.metal-trade.pl\/wp-content\/uploads\/2020\/05\/cropped-cropped-logoSmall-1.png\",\"width\":290,\"height\":116,\"caption\":\"Hurtownia narz\u0119dzi\"},\"image\":{\"@id\":\"https:\/\/sklep.metal-trade.pl\/#\/schema\/logo\/image\/\"}}]}<\/script>\n<!-- \/ Yoast SEO plugin. -->","yoast_head_json":{"title":"Kontakt - Hurtownia narz\u0119dzi","robots":{"index":"index","follow":"follow","max-snippet":"max-snippet:-1","max-image-preview":"max-image-preview:large","max-video-preview":"max-video-preview:-1"},"canonical":"https:\/\/sklep.metal-trade.pl\/?page_id=308","og_locale":"pl_PL","og_type":"article","og_title":"Kontakt - Hurtownia narz\u0119dzi","og_url":"https:\/\/sklep.metal-trade.pl\/?page_id=308","og_site_name":"Hurtownia narz\u0119dzi","article_modified_time":"2024-03-11T11:02:38+00:00","twitter_card":"summary_large_image","schema":{"@context":"https:\/\/schema.org","@graph":[{"@type":"WebPage","@id":"https:\/\/sklep.metal-trade.pl\/?page_id=308","url":"https:\/\/sklep.metal-trade.pl\/?page_id=308","name":"Kontakt - Hurtownia narz\u0119dzi","isPartOf":{"@id":"https:\/\/sklep.metal-trade.pl\/#website"},"datePublished":"2020-05-21T14:00:19+00:00","dateModified":"2024-03-11T11:02:38+00:00","breadcrumb":{"@id":"https:\/\/sklep.metal-trade.pl\/?page_id=308#breadcrumb"},"inLanguage":"pl-PL","potentialAction":[{"@type":"ReadAction","target":["https:\/\/sklep.metal-trade.pl\/?page_id=308"]}]},{"@type":"BreadcrumbList","@id":"https:\/\/sklep.metal-trade.pl\/?page_id=308#breadcrumb","itemListElement":[{"@type":"ListItem","position":1,"name":"Strona g\u0142\u00f3wna","item":"https:\/\/sklep.metal-trade.pl\/"},{"@type":"ListItem","position":2,"name":"Kontakt"}]},{"@type":"WebSite","@id":"https:\/\/sklep.metal-trade.pl\/#website","url":"https:\/\/sklep.metal-trade.pl\/","name":"Hurtownia narz\u0119dzi","description":"do obr\u00f3bki skrawaniem","publisher":{"@id":"https:\/\/sklep.metal-trade.pl\/#organization"},"potentialAction":[{"@type":"SearchAction","target":{"@type":"EntryPoint","urlTemplate":"https:\/\/sklep.metal-trade.pl\/?s={search_term_string}"},"query-input":{"@type":"PropertyValueSpecification","valueRequired":true,"valueName":"search_term_string"}}],"inLanguage":"pl-PL"},{"@type":"Organization","@id":"https:\/\/sklep.metal-trade.pl\/#organization","name":"Hurtownia narz\u0119dzi","url":"https:\/\/sklep.metal-trade.pl\/","logo":{"@type":"ImageObject","inLanguage":"pl-PL","@id":"https:\/\/sklep.metal-trade.pl\/#\/schema\/logo\/image\/","url":"https:\/\/sklep.metal-trade.pl\/wp-content\/uploads\/2020\/05\/cropped-cropped-logoSmall-1.png","contentUrl":"https:\/\/sklep.metal-trade.pl\/wp-content\/uploads\/2020\/05\/cropped-cropped-logoSmall-1.png","width":290,"height":116,"caption":"Hurtownia narz\u0119dzi"},"image":{"@id":"https:\/\/sklep.metal-trade.pl\/#\/schema\/logo\/image\/"}}]}},"jetpack_shortlink":"https:\/\/wp.me\/Pc1M9p-4Y","jetpack_sharing_enabled":true,"_links":{"self":[{"href":"https:\/\/sklep.metal-trade.pl\/index.php?rest_route=\/wp\/v2\/pages\/308","targetHints":{"allow":["GET"]}}],"collection":[{"href":"https:\/\/sklep.metal-trade.pl\/index.php?rest_route=\/wp\/v2\/pages"}],"about":[{"href":"https:\/\/sklep.metal-trade.pl\/index.php?rest_route=\/wp\/v2\/types\/page"}],"author":[{"embeddable":true,"href":"https:\/\/sklep.metal-trade.pl\/index.php?rest_route=\/wp\/v2\/users\/1"}],"replies":[{"embeddable":true,"href":"https:\/\/sklep.metal-trade.pl\/index.php?rest_route=%2Fwp%2Fv2%2Fcomments&post=308"}],"version-history":[{"count":9,"href":"https:\/\/sklep.metal-trade.pl\/index.php?rest_route=\/wp\/v2\/pages\/308\/revisions"}],"predecessor-version":[{"id":525,"href":"https:\/\/sklep.metal-trade.pl\/index.php?rest_route=\/wp\/v2\/pages\/308\/revisions\/525"}],"wp:attachment":[{"href":"https:\/\/sklep.metal-trade.pl\/index.php?rest_route=%2Fwp%2Fv2%2Fmedia&parent=308"}],"curies":[{"name":"wp","href":"https:\/\/api.w.org\/{rel}","templated":true}]}}