{"id":3,"date":"2020-05-21T13:17:48","date_gmt":"2020-05-21T13:17:48","guid":{"rendered":"https:\/\/sklep.metal-trade.pl\/?page_id=3"},"modified":"2024-03-11T11:13:04","modified_gmt":"2024-03-11T11:13:04","slug":"privacy-policy","status":"publish","type":"page","link":"https:\/\/sklep.metal-trade.pl\/?page_id=3","title":{"rendered":"Privacy Policy"},"content":{"rendered":"<p>POLITYKA PRYWATNO\u015aCI SERWISU WWW.METAL-TRADE.PL<\/p>\n<p>1. Informacje og\u00f3lne.<br \/>\n1. Operatorem Serwisu [www.metal-trade.pl] jest<\/p>\n<p>METAL-TRADE.PL M.ADAMOWICZ, S. KACZMAREK, A. G\u0141ADKI SP\u00d3\u0141KA JAWNA<\/p>\n<p>Jantarowa 24, 80-180 Jankowo Gda\u0144skie<\/p>\n<p>NIP: 6040212964 | REGON: 383440185<\/p>\n<p>2. Serwis realizuje funkcje pozyskiwania informacji o u\u017cytkownikach i ich zachowaniu w nast\u0119puj\u0105cy spos\u00f3b:<br \/>\na. Poprzez dobrowolnie wprowadzone w formularzach informacje.<br \/>\nb. Poprzez zapisywanie w urz\u0105dzeniach ko\u0144cowych pliki cookie (tzw. &#8222;ciasteczka&#8221;).<br \/>\nc. Poprzez gromadzenie log\u00f3w serwera www przez operatora funkcjonuj\u0105cego pod adresem www.metal-trade.pl<br \/>\n2. Informacje w formularzach.<br \/>\n1. Serwis zbiera informacje podane dobrowolnie przez u\u017cytkownika.<br \/>\n2. Serwis mo\u017ce zapisa\u0107 ponadto informacje o parametrach po\u0142\u0105czenia (oznaczenie czasu, adres IP)<br \/>\n3. Dane w formularzu nie s\u0105 udost\u0119pniane podmiotom trzecim inaczej, ni\u017c za zgod\u0105 u\u017cytkownika.<br \/>\n4. Dane podane w formularzu mog\u0105 stanowi\u0107 zbi\u00f3r potencjalnych klient\u00f3w, zarejestrowany przez Operatora Serwisu w rejestrze prowadzonym przez Generalnego Inspektora Ochrony Danych Osobowych.<br \/>\n5. Dane podane w formularzu s\u0105 przetwarzane w celu wynikaj\u0105cym z funkcji konkretnego formularza, np w celu dokonania procesu obs\u0142ugi zg\u0142oszenia serwisowego lub kontaktu handlowego.<br \/>\n6. Dane podane w formularzach mog\u0105 by\u0107 przekazane podmiotom technicznie realizuj\u0105cym niekt\u00f3re us\u0142ugi \u2013 w szczeg\u00f3lno\u015bci dotyczy to przekazywania informacji o posiadaczu rejestrowanej domeny do podmiot\u00f3w b\u0119d\u0105cych operatorami domen internetowych (przede wszystkim Naukowa i Akademicka Sie\u0107 Komputerowa j.b.r \u2013 NASK), serwis\u00f3w obs\u0142uguj\u0105cych p\u0142atno\u015bci lub te\u017c innych podmiot\u00f3w, z kt\u00f3rymi Operator Serwisu w tym zakresie wsp\u00f3\u0142pracuje.<br \/>\n3. Informacja o plikach cookies.<br \/>\n1. Serwis korzysta z plik\u00f3w cookies.<br \/>\n2. Pliki cookies (tzw. \u201eciasteczka\u201d) stanowi\u0105 dane informatyczne, w szczeg\u00f3lno\u015bci pliki tekstowe, kt\u00f3re przechowywane s\u0105 w urz\u0105dzeniu ko\u0144cowym U\u017cytkownika Serwisu i przeznaczone s\u0105 do korzystania ze stron internetowych Serwisu. Cookies zazwyczaj zawieraj\u0105 nazw\u0119 strony internetowej, z kt\u00f3rej pochodz\u0105, czas przechowywania ich na urz\u0105dzeniu ko\u0144cowym oraz unikalny numer.<br \/>\n3. Podmiotem zamieszczaj\u0105cym na urz\u0105dzeniu ko\u0144cowym U\u017cytkownika Serwisu pliki cookies oraz uzyskuj\u0105cym do nich dost\u0119p jest operator Serwisu.<br \/>\n4. Pliki cookies wykorzystywane s\u0105 w nast\u0119puj\u0105cych celach:<br \/>\na. tworzenia statystyk, kt\u00f3re pomagaj\u0105 zrozumie\u0107, w jaki spos\u00f3b U\u017cytkownicy Serwisu korzystaj\u0105 ze stron internetowych, co umo\u017cliwia ulepszanie ich struktury i zawarto\u015bci;<br \/>\nb. utrzymanie sesji U\u017cytkownika Serwisu (po zalogowaniu), dzi\u0119ki kt\u00f3rej U\u017cytkownik nie musi na ka\u017cdej podstronie Serwisu ponownie wpisywa\u0107 loginu i has\u0142a;<br \/>\nc. okre\u015blania profilu u\u017cytkownika w celu wy\u015bwietlania mu dopasowanych materia\u0142\u00f3w w sieciach reklamowych, w szczeg\u00f3lno\u015bci sieci Google.<br \/>\n5. W ramach Serwisu stosowane s\u0105 dwa zasadnicze rodzaje plik\u00f3w cookies: \u201esesyjne\u201d (session cookies) oraz \u201esta\u0142e\u201d (persistent cookies). Cookies \u201esesyjne\u201d s\u0105 plikami tymczasowymi, kt\u00f3re przechowywane s\u0105 w urz\u0105dzeniu ko\u0144cowym U\u017cytkownika do czasu wylogowania, opuszczenia strony internetowej lub wy\u0142\u0105czenia oprogramowania (przegl\u0105darki internetowej). \u201eSta\u0142e\u201d pliki cookies przechowywane s\u0105 w urz\u0105dzeniu ko\u0144cowym U\u017cytkownika przez czas okre\u015blony w parametrach plik\u00f3w cookies lub do czasu ich usuni\u0119cia przez U\u017cytkownika.<br \/>\n6. Oprogramowanie do przegl\u0105dania stron internetowych (przegl\u0105darka internetowa) zazwyczaj domy\u015blnie dopuszcza przechowywanie plik\u00f3w cookies w urz\u0105dzeniu ko\u0144cowym U\u017cytkownika. U\u017cytkownicy Serwisu mog\u0105 dokona\u0107 zmiany ustawie\u0144 w tym zakresie. Przegl\u0105darka internetowa umo\u017cliwia usuni\u0119cie plik\u00f3w cookies. Mo\u017cliwe jest tak\u017ce automatyczne blokowanie plik\u00f3w cookies Szczeg\u00f3\u0142owe informacje na ten temat zawiera pomoc lub dokumentacja przegl\u0105darki internetowej.<br \/>\n7. Ograniczenia stosowania plik\u00f3w cookies mog\u0105 wp\u0142yn\u0105\u0107 na niekt\u00f3re funkcjonalno\u015bci dost\u0119pne na stronach internetowych Serwisu.<br \/>\n8. Pliki cookies zamieszczane w urz\u0105dzeniu ko\u0144cowym U\u017cytkownika Serwisu i wykorzystywane mog\u0105 by\u0107 r\u00f3wnie\u017c przez wsp\u00f3\u0142pracuj\u0105cych z operatorem Serwisu reklamodawc\u00f3w oraz partner\u00f3w.<br \/>\n9. Zalecamy przeczytanie polityki ochrony prywatno\u015bci tych firm, aby pozna\u0107 zasady korzystania z plik\u00f3w cookie wykorzystywane w statystykach: Polityka ochrony prywatno\u015bci Google Analytics<br \/>\n10. Pliki cookie mog\u0105 by\u0107 wykorzystane przez sieci reklamowe, w szczeg\u00f3lno\u015bci sie\u0107 Google, do wy\u015bwietlenia reklam dopasowanych do sposobu, w jaki u\u017cytkownik korzysta z Serwisu. W tym celu mog\u0105 zachowa\u0107 informacj\u0119 o \u015bcie\u017cce nawigacji u\u017cytkownika lub czasie pozostawania na danej stronie.<br \/>\n11. W zakresie informacji o preferencjach u\u017cytkownika gromadzonych przez sie\u0107 reklamow\u0105 Google u\u017cytkownik mo\u017ce przegl\u0105da\u0107 i edytowa\u0107 informacje wynikaj\u0105ce z plik\u00f3w cookies przy pomocy narz\u0119dzia: https:\/\/www.google.com\/ads\/preferences\/<br \/>\n4. Logi serwera.<br \/>\n1. Informacje o niekt\u00f3rych zachowaniach u\u017cytkownik\u00f3w podlegaj\u0105 logowaniu w warstwie serwerowej. Dane te s\u0105 wykorzystywane wy\u0142\u0105cznie w celu administrowania serwisem oraz w celu zapewnienia jak najbardziej sprawnej obs\u0142ugi \u015bwiadczonych us\u0142ug hostingowych.<br \/>\n2. Przegl\u0105dane zasoby identyfikowane s\u0105 poprzez adresy URL. Ponadto zapisowi mog\u0105 podlega\u0107:<br \/>\na. czas nadej\u015bcia zapytania,<br \/>\nb. czas wys\u0142ania odpowiedzi,<br \/>\nc. nazw\u0119 stacji klienta \u2013 identyfikacja realizowana przez protok\u00f3\u0142 HTTP,<br \/>\nd. informacje o b\u0142\u0119dach jakie nast\u0105pi\u0142y przy realizacji transakcji HTTP,<br \/>\ne. adres URL strony poprzednio odwiedzanej przez u\u017cytkownika (referer link) \u2013 w przypadku gdy przej\u015bcie do Serwisu nast\u0105pi\u0142o przez odno\u015bnik,<br \/>\nf. informacje o przegl\u0105darce u\u017cytkownika,<br \/>\ng. Informacje o adresie IP.<br \/>\n3. Dane powy\u017csze nie s\u0105 kojarzone z konkretnymi osobami przegl\u0105daj\u0105cymi strony.<br \/>\n4. Dane powy\u017csze s\u0105 wykorzystywane jedynie dla cel\u00f3w administrowania serwerem.<br \/>\n5. Udost\u0119pnienie danych.<br \/>\n1. Dane podlegaj\u0105 udost\u0119pnieniu podmiotom zewn\u0119trznym wy\u0142\u0105cznie w granicach prawnie dozwolonych.<br \/>\n2. Dane umo\u017cliwiaj\u0105ce identyfikacj\u0119 osoby fizycznej s\u0105 udost\u0119pniane wy\u0142\u0105czenie za zgod\u0105 tej osoby.<br \/>\n3. Operator mo\u017ce mie\u0107 obowi\u0105zek udzielania informacji zebranych przez Serwis upowa\u017cnionym organom na podstawie zgodnych z prawem \u017c\u0105da\u0144 w zakresie wynikaj\u0105cym z \u017c\u0105dania.<br \/>\n6. Zarz\u0105dzanie plikami cookies \u2013 jak w praktyce wyra\u017ca\u0107 i cofa\u0107 zgod\u0119?<br \/>\n1. Je\u015bli u\u017cytkownik nie chce otrzymywa\u0107 plik\u00f3w cookies, mo\u017ce zmieni\u0107 ustawienia przegl\u0105darki. Zastrzegamy, \u017ce wy\u0142\u0105czenie obs\u0142ugi plik\u00f3w cookies niezb\u0119dnych dla proces\u00f3w uwierzytelniania, bezpiecze\u0144stwa, utrzymania preferencji u\u017cytkownika mo\u017ce utrudni\u0107, a w skrajnych przypadkach mo\u017ce uniemo\u017cliwi\u0107 korzystanie ze stron www<br \/>\n2. W celu zarz\u0105dzania ustawieniami cookies wybierz z listy poni\u017cej przegl\u0105dark\u0119 internetow\u0105\/ system i post\u0119puj zgodnie z instrukcjami:<br \/>\na. Internet Explorer<br \/>\nb. Chrome<br \/>\nc. Safari<br \/>\nd. Firefox<br \/>\ne. Opera<br \/>\nf. Android<br \/>\ng. Safari (iOS)<br \/>\nh. Windows Phone<br \/>\ni. Blackberry<\/p>\n","protected":false},"excerpt":{"rendered":"<p>POLITYKA PRYWATNO\u015aCI SERWISU WWW.METAL-TRADE.PL 1. Informacje og\u00f3lne. 1. Operatorem Serwisu [www.metal-trade.pl] jest METAL-TRADE.PL M.ADAMOWICZ, S. KACZMAREK, A. G\u0141ADKI SP\u00d3\u0141KA JAWNA Jantarowa 24, 80-180 Jankowo Gda\u0144skie NIP: 6040212964 | REGON: 383440185 2. Serwis realizuje funkcje pozyskiwania informacji o u\u017cytkownikach i ich zachowaniu w nast\u0119puj\u0105cy spos\u00f3b: a. Poprzez dobrowolnie wprowadzone w formularzach informacje. b. Poprzez zapisywanie w urz\u0105dzeniach ko\u0144cowych pliki cookie (tzw. &#8222;ciasteczka&#8221;). c. Poprzez gromadzenie log\u00f3w serwera www przez operatora funkcjonuj\u0105cego pod adresem www.metal-trade.pl 2. Informacje w formularzach. 1. Serwis zbiera informacje podane dobrowolnie przez u\u017cytkownika. 2. Serwis mo\u017ce zapisa\u0107 ponadto&hellip;<\/p>\n","protected":false},"author":1,"featured_media":0,"parent":0,"menu_order":0,"comment_status":"closed","ping_status":"open","template":"","meta":{"footnotes":""},"class_list":["post-3","page","type-page","status-publish","hentry"],"yoast_head":"<!-- This site is optimized with the Yoast SEO plugin v25.1 - https:\/\/yoast.com\/wordpress\/plugins\/seo\/ -->\n<title>Privacy Policy - Hurtownia narz\u0119dzi<\/title>\n<meta name=\"robots\" content=\"index, follow, max-snippet:-1, max-image-preview:large, max-video-preview:-1\" \/>\n<link rel=\"canonical\" href=\"https:\/\/sklep.metal-trade.pl\/?page_id=3\" \/>\n<meta property=\"og:locale\" content=\"pl_PL\" \/>\n<meta property=\"og:type\" content=\"article\" \/>\n<meta property=\"og:title\" content=\"Privacy Policy - Hurtownia narz\u0119dzi\" \/>\n<meta property=\"og:description\" content=\"POLITYKA PRYWATNO\u015aCI SERWISU WWW.METAL-TRADE.PL 1. Informacje og\u00f3lne. 1. Operatorem Serwisu [www.metal-trade.pl] jest METAL-TRADE.PL M.ADAMOWICZ, S. KACZMAREK, A. G\u0141ADKI SP\u00d3\u0141KA JAWNA Jantarowa 24, 80-180 Jankowo Gda\u0144skie NIP: 6040212964 | REGON: 383440185 2. Serwis realizuje funkcje pozyskiwania informacji o u\u017cytkownikach i ich zachowaniu w nast\u0119puj\u0105cy spos\u00f3b: a. Poprzez dobrowolnie wprowadzone w formularzach informacje. b. Poprzez zapisywanie w urz\u0105dzeniach ko\u0144cowych pliki cookie (tzw. &#8222;ciasteczka&#8221;). c. Poprzez gromadzenie log\u00f3w serwera www przez operatora funkcjonuj\u0105cego pod adresem www.metal-trade.pl 2. Informacje w formularzach. 1. Serwis zbiera informacje podane dobrowolnie przez u\u017cytkownika. 2. Serwis mo\u017ce zapisa\u0107 ponadto&hellip;\" \/>\n<meta property=\"og:url\" content=\"https:\/\/sklep.metal-trade.pl\/?page_id=3\" \/>\n<meta property=\"og:site_name\" content=\"Hurtownia narz\u0119dzi\" \/>\n<meta property=\"article:modified_time\" content=\"2024-03-11T11:13:04+00:00\" \/>\n<meta name=\"twitter:card\" content=\"summary_large_image\" \/>\n<meta name=\"twitter:label1\" content=\"Szacowany czas czytania\" \/>\n\t<meta name=\"twitter:data1\" content=\"5 minut\" \/>\n<script type=\"application\/ld+json\" class=\"yoast-schema-graph\">{\"@context\":\"https:\/\/schema.org\",\"@graph\":[{\"@type\":\"WebPage\",\"@id\":\"https:\/\/sklep.metal-trade.pl\/?page_id=3\",\"url\":\"https:\/\/sklep.metal-trade.pl\/?page_id=3\",\"name\":\"Privacy Policy - Hurtownia narz\u0119dzi\",\"isPartOf\":{\"@id\":\"https:\/\/sklep.metal-trade.pl\/#website\"},\"datePublished\":\"2020-05-21T13:17:48+00:00\",\"dateModified\":\"2024-03-11T11:13:04+00:00\",\"breadcrumb\":{\"@id\":\"https:\/\/sklep.metal-trade.pl\/?page_id=3#breadcrumb\"},\"inLanguage\":\"pl-PL\",\"potentialAction\":[{\"@type\":\"ReadAction\",\"target\":[\"https:\/\/sklep.metal-trade.pl\/?page_id=3\"]}]},{\"@type\":\"BreadcrumbList\",\"@id\":\"https:\/\/sklep.metal-trade.pl\/?page_id=3#breadcrumb\",\"itemListElement\":[{\"@type\":\"ListItem\",\"position\":1,\"name\":\"Strona g\u0142\u00f3wna\",\"item\":\"https:\/\/sklep.metal-trade.pl\/\"},{\"@type\":\"ListItem\",\"position\":2,\"name\":\"Privacy Policy\"}]},{\"@type\":\"WebSite\",\"@id\":\"https:\/\/sklep.metal-trade.pl\/#website\",\"url\":\"https:\/\/sklep.metal-trade.pl\/\",\"name\":\"Hurtownia narz\u0119dzi\",\"description\":\"do obr\u00f3bki skrawaniem\",\"publisher\":{\"@id\":\"https:\/\/sklep.metal-trade.pl\/#organization\"},\"potentialAction\":[{\"@type\":\"SearchAction\",\"target\":{\"@type\":\"EntryPoint\",\"urlTemplate\":\"https:\/\/sklep.metal-trade.pl\/?s={search_term_string}\"},\"query-input\":{\"@type\":\"PropertyValueSpecification\",\"valueRequired\":true,\"valueName\":\"search_term_string\"}}],\"inLanguage\":\"pl-PL\"},{\"@type\":\"Organization\",\"@id\":\"https:\/\/sklep.metal-trade.pl\/#organization\",\"name\":\"Hurtownia narz\u0119dzi\",\"url\":\"https:\/\/sklep.metal-trade.pl\/\",\"logo\":{\"@type\":\"ImageObject\",\"inLanguage\":\"pl-PL\",\"@id\":\"https:\/\/sklep.metal-trade.pl\/#\/schema\/logo\/image\/\",\"url\":\"https:\/\/sklep.metal-trade.pl\/wp-content\/uploads\/2020\/05\/cropped-cropped-logoSmall-1.png\",\"contentUrl\":\"https:\/\/sklep.metal-trade.pl\/wp-content\/uploads\/2020\/05\/cropped-cropped-logoSmall-1.png\",\"width\":290,\"height\":116,\"caption\":\"Hurtownia narz\u0119dzi\"},\"image\":{\"@id\":\"https:\/\/sklep.metal-trade.pl\/#\/schema\/logo\/image\/\"}}]}<\/script>\n<!-- \/ Yoast SEO plugin. -->","yoast_head_json":{"title":"Privacy Policy - Hurtownia narz\u0119dzi","robots":{"index":"index","follow":"follow","max-snippet":"max-snippet:-1","max-image-preview":"max-image-preview:large","max-video-preview":"max-video-preview:-1"},"canonical":"https:\/\/sklep.metal-trade.pl\/?page_id=3","og_locale":"pl_PL","og_type":"article","og_title":"Privacy Policy - Hurtownia narz\u0119dzi","og_description":"POLITYKA PRYWATNO\u015aCI SERWISU WWW.METAL-TRADE.PL 1. Informacje og\u00f3lne. 1. Operatorem Serwisu [www.metal-trade.pl] jest METAL-TRADE.PL M.ADAMOWICZ, S. KACZMAREK, A. G\u0141ADKI SP\u00d3\u0141KA JAWNA Jantarowa 24, 80-180 Jankowo Gda\u0144skie NIP: 6040212964 | REGON: 383440185 2. Serwis realizuje funkcje pozyskiwania informacji o u\u017cytkownikach i ich zachowaniu w nast\u0119puj\u0105cy spos\u00f3b: a. Poprzez dobrowolnie wprowadzone w formularzach informacje. b. Poprzez zapisywanie w urz\u0105dzeniach ko\u0144cowych pliki cookie (tzw. &#8222;ciasteczka&#8221;). c. Poprzez gromadzenie log\u00f3w serwera www przez operatora funkcjonuj\u0105cego pod adresem www.metal-trade.pl 2. Informacje w formularzach. 1. Serwis zbiera informacje podane dobrowolnie przez u\u017cytkownika. 2. Serwis mo\u017ce zapisa\u0107 ponadto&hellip;","og_url":"https:\/\/sklep.metal-trade.pl\/?page_id=3","og_site_name":"Hurtownia narz\u0119dzi","article_modified_time":"2024-03-11T11:13:04+00:00","twitter_card":"summary_large_image","twitter_misc":{"Szacowany czas czytania":"5 minut"},"schema":{"@context":"https:\/\/schema.org","@graph":[{"@type":"WebPage","@id":"https:\/\/sklep.metal-trade.pl\/?page_id=3","url":"https:\/\/sklep.metal-trade.pl\/?page_id=3","name":"Privacy Policy - Hurtownia narz\u0119dzi","isPartOf":{"@id":"https:\/\/sklep.metal-trade.pl\/#website"},"datePublished":"2020-05-21T13:17:48+00:00","dateModified":"2024-03-11T11:13:04+00:00","breadcrumb":{"@id":"https:\/\/sklep.metal-trade.pl\/?page_id=3#breadcrumb"},"inLanguage":"pl-PL","potentialAction":[{"@type":"ReadAction","target":["https:\/\/sklep.metal-trade.pl\/?page_id=3"]}]},{"@type":"BreadcrumbList","@id":"https:\/\/sklep.metal-trade.pl\/?page_id=3#breadcrumb","itemListElement":[{"@type":"ListItem","position":1,"name":"Strona g\u0142\u00f3wna","item":"https:\/\/sklep.metal-trade.pl\/"},{"@type":"ListItem","position":2,"name":"Privacy Policy"}]},{"@type":"WebSite","@id":"https:\/\/sklep.metal-trade.pl\/#website","url":"https:\/\/sklep.metal-trade.pl\/","name":"Hurtownia narz\u0119dzi","description":"do obr\u00f3bki skrawaniem","publisher":{"@id":"https:\/\/sklep.metal-trade.pl\/#organization"},"potentialAction":[{"@type":"SearchAction","target":{"@type":"EntryPoint","urlTemplate":"https:\/\/sklep.metal-trade.pl\/?s={search_term_string}"},"query-input":{"@type":"PropertyValueSpecification","valueRequired":true,"valueName":"search_term_string"}}],"inLanguage":"pl-PL"},{"@type":"Organization","@id":"https:\/\/sklep.metal-trade.pl\/#organization","name":"Hurtownia narz\u0119dzi","url":"https:\/\/sklep.metal-trade.pl\/","logo":{"@type":"ImageObject","inLanguage":"pl-PL","@id":"https:\/\/sklep.metal-trade.pl\/#\/schema\/logo\/image\/","url":"https:\/\/sklep.metal-trade.pl\/wp-content\/uploads\/2020\/05\/cropped-cropped-logoSmall-1.png","contentUrl":"https:\/\/sklep.metal-trade.pl\/wp-content\/uploads\/2020\/05\/cropped-cropped-logoSmall-1.png","width":290,"height":116,"caption":"Hurtownia narz\u0119dzi"},"image":{"@id":"https:\/\/sklep.metal-trade.pl\/#\/schema\/logo\/image\/"}}]}},"jetpack_shortlink":"https:\/\/wp.me\/Pc1M9p-3","jetpack_sharing_enabled":true,"_links":{"self":[{"href":"https:\/\/sklep.metal-trade.pl\/index.php?rest_route=\/wp\/v2\/pages\/3","targetHints":{"allow":["GET"]}}],"collection":[{"href":"https:\/\/sklep.metal-trade.pl\/index.php?rest_route=\/wp\/v2\/pages"}],"about":[{"href":"https:\/\/sklep.metal-trade.pl\/index.php?rest_route=\/wp\/v2\/types\/page"}],"author":[{"embeddable":true,"href":"https:\/\/sklep.metal-trade.pl\/index.php?rest_route=\/wp\/v2\/users\/1"}],"replies":[{"embeddable":true,"href":"https:\/\/sklep.metal-trade.pl\/index.php?rest_route=%2Fwp%2Fv2%2Fcomments&post=3"}],"version-history":[{"count":2,"href":"https:\/\/sklep.metal-trade.pl\/index.php?rest_route=\/wp\/v2\/pages\/3\/revisions"}],"predecessor-version":[{"id":526,"href":"https:\/\/sklep.metal-trade.pl\/index.php?rest_route=\/wp\/v2\/pages\/3\/revisions\/526"}],"wp:attachment":[{"href":"https:\/\/sklep.metal-trade.pl\/index.php?rest_route=%2Fwp%2Fv2%2Fmedia&parent=3"}],"curies":[{"name":"wp","href":"https:\/\/api.w.org\/{rel}","templated":true}]}}